{"id":12,"date":"2024-01-30T07:17:57","date_gmt":"2024-01-30T04:17:57","guid":{"rendered":"https:\/\/www.kgldhome.com.tr\/dhome\/index.php\/iletisim\/"},"modified":"2024-02-21T12:04:23","modified_gmt":"2024-02-21T09:04:23","slug":"iletisim","status":"publish","type":"page","link":"https:\/\/www.kgldhome.com.tr\/dhome\/iletisim\/","title":{"rendered":"\u0130leti\u015fim"},"content":{"rendered":"<p>\u0130leti\u015fim<\/p>\n","protected":false},"excerpt":{"rendered":"<p>\u0130leti\u015fim<\/p>\n","protected":false},"author":1,"featured_media":0,"parent":0,"menu_order":0,"comment_status":"closed","ping_status":"closed","template":"page-iletisim.php","meta":{"footnotes":""},"class_list":["post-12","page","type-page","status-publish","hentry"],"aioseo_notices":[],"_links":{"self":[{"href":"https:\/\/www.kgldhome.com.tr\/dhome\/wp-json\/wp\/v2\/pages\/12","targetHints":{"allow":["GET"]}}],"collection":[{"href":"https:\/\/www.kgldhome.com.tr\/dhome\/wp-json\/wp\/v2\/pages"}],"about":[{"href":"https:\/\/www.kgldhome.com.tr\/dhome\/wp-json\/wp\/v2\/types\/page"}],"author":[{"embeddable":true,"href":"https:\/\/www.kgldhome.com.tr\/dhome\/wp-json\/wp\/v2\/users\/1"}],"replies":[{"embeddable":true,"href":"https:\/\/www.kgldhome.com.tr\/dhome\/wp-json\/wp\/v2\/comments?post=12"}],"version-history":[{"count":1,"href":"https:\/\/www.kgldhome.com.tr\/dhome\/wp-json\/wp\/v2\/pages\/12\/revisions"}],"predecessor-version":[{"id":93,"href":"https:\/\/www.kgldhome.com.tr\/dhome\/wp-json\/wp\/v2\/pages\/12\/revisions\/93"}],"wp:attachment":[{"href":"https:\/\/www.kgldhome.com.tr\/dhome\/wp-json\/wp\/v2\/media?parent=12"}],"curies":[{"name":"wp","href":"https:\/\/api.w.org\/{rel}","templated":true}]}}