{"id":11,"date":"2024-01-30T07:17:57","date_gmt":"2024-01-30T04:17:57","guid":{"rendered":"https:\/\/www.kgldhome.com.tr\/dhome\/index.php\/hakkimizda\/"},"modified":"2024-02-08T15:41:45","modified_gmt":"2024-02-08T12:41:45","slug":"hakkimizda","status":"publish","type":"page","link":"https:\/\/www.kgldhome.com.tr\/dhome\/hakkimizda\/","title":{"rendered":"Hakk\u0131m\u0131zda"},"content":{"rendered":"<div id=\"pl-11\"  class=\"panel-layout\" ><div id=\"pg-11-0\"  class=\"panel-grid panel-no-style\" ><div id=\"pgc-11-0-0\"  class=\"panel-grid-cell\" ><div id=\"panel-11-0-0-0\" class=\"so-panel widget widget_sow-editor panel-first-child panel-last-child\" data-index=\"0\" ><div\n\t\t\t\n\t\t\tclass=\"so-widget-sow-editor so-widget-sow-editor-base\"\n\t\t\t\n\t\t>\n<div class=\"siteorigin-widget-tinymce textwidget\">\n\t<p class=\"w-90 lg-w-100\"><strong>DhOME firmam\u0131z, \u00fcretimlerimizde \"Buckminster Fuller\" statik hesaplar\u0131n\u0131 uygulayan ve bu \u00f6zellikleriyle D\u00fcnya genelinde tercih edilen bir m\u00fchendislik firmas\u0131d\u0131r. Farkl\u0131l\u0131\u011f\u0131m\u0131z ve g\u00fcvenilirli\u011fimiz, bu \u00f6zellikleriyle belirginle\u015fmektedir.<\/strong><\/p>\n<p class=\"w-90 lg-w-100\">Yeni ya\u015fam tarzlar\u0131na uygun mekanlar sunma fikriyle ortaya \u00e7\u0131kan.<\/p>\n<p>Yeni ya\u015fam tarzlar\u0131na uygun mekanlar sunma fikriyle ortaya \u00e7\u0131kan <strong>KGL DhOME<\/strong>, yenilik\u00e7i \u00fcr\u00fcnleri ile dikkatleri \u00fczerine \u00e7ekmeyi ba\u015farm\u0131\u015ft\u0131r. <strong>KGL DhOME<\/strong>, tasar\u0131m, in\u015faat ve \u00fcretim alanlar\u0131ndaki tecr\u00fcbesini kullanarak sekt\u00f6re \u00f6nc\u00fc ve \u00f6zg\u00fcn \u00fcr\u00fcnler kazand\u0131rm\u0131\u015ft\u0131r.<\/p>\n<p>\u0130nsan-mekan ili\u015fkisinde yeni bir deneyim sunan \u00fcr\u00fcnlerimiz, \u00e7al\u0131\u015fanlar\u0131m\u0131z\u0131n enerjisini yans\u0131tmaktad\u0131r.<\/p>\n<p>\u0130htiya\u00e7lar\u0131n\u0131za g\u00f6re ticari ve bireysel dome modellerini se\u00e7ebilirsiniz.<\/p>\n<p>\u00c7ok ama\u00e7l\u0131 portatif dome\u2019lar\u0131m\u0131z; otel, eko-k\u00f6y, sera, k\u0131\u015f bah\u00e7esi, pop-up ma\u011faza, sezonluk kafe, spor tesisi, a\u00e7\u0131k hava dersleri, meditasyon ve etkinlik alan\u0131 olarak kullan\u0131labilir.<\/p>\n<p>\u00dcr\u00fcnlerimiz, ilk yat\u0131r\u0131m maliyeti ve yat\u0131r\u0131m getirisi a\u00e7\u0131s\u0131ndan benzersiz f\u0131rsatlar sunar. Eko-k\u00f6y, tatil k\u00f6y\u00fc konseptlerinde geni\u015f mimar kadromuzla anahtar teslim \u00e7\u00f6z\u00fcmler sunuyoruz.<\/p>\n<p>Ya\u015fanabilir bir d\u00fcnya i\u00e7in, \u00fcretim s\u00fcre\u00e7lerinde s\u00fcrd\u00fcr\u00fclebilir malzemeler, enerji verimlili\u011fi ile ekosistemin korunmas\u0131 ve betonarme binalar\u0131n olumsuz \u00e7evresel etkilerini en aza indirmeyi hedefliyoruz.<\/p>\n<\/div>\n<\/div><\/div><\/div><div id=\"pgc-11-0-1\"  class=\"panel-grid-cell\" ><div id=\"panel-11-0-1-0\" class=\"so-panel widget widget_sow-editor panel-first-child panel-last-child\" data-index=\"1\" ><div\n\t\t\t\n\t\t\tclass=\"so-widget-sow-editor so-widget-sow-editor-base\"\n\t\t\t\n\t\t>\n<div class=\"siteorigin-widget-tinymce textwidget\">\n\t<p><img loading=\"lazy\" decoding=\"async\" class=\"alignnone wp-image-49 size-full\" src=\"https:\/\/www.kgldhome.com.tr\/wp-content\/uploads\/2024\/02\/fuller.jpeg\" alt=\"\" width=\"1080\" height=\"1332\" srcset=\"https:\/\/www.kgldhome.com.tr\/dhome\/wp-content\/uploads\/2024\/02\/fuller.jpeg 1080w, https:\/\/www.kgldhome.com.tr\/dhome\/wp-content\/uploads\/2024\/02\/fuller-243x300.jpeg 243w, https:\/\/www.kgldhome.com.tr\/dhome\/wp-content\/uploads\/2024\/02\/fuller-830x1024.jpeg 830w, https:\/\/www.kgldhome.com.tr\/dhome\/wp-content\/uploads\/2024\/02\/fuller-768x947.jpeg 768w\" sizes=\"auto, (max-width: 1080px) 100vw, 1080px\" \/><\/p>\n<\/div>\n<\/div><\/div><\/div><\/div><\/div>","protected":false},"excerpt":{"rendered":"<p>DhOME firmam\u0131z, \u00fcretimlerimizde &#8220;Buckminster Fuller&#8221; statik hesaplar\u0131n\u0131 uygulayan ve bu \u00f6zellikleriyle D\u00fcnya genelinde tercih edilen bir m\u00fchendislik firmas\u0131d\u0131r. Farkl\u0131l\u0131\u011f\u0131m\u0131z ve g\u00fcvenilirli\u011fimiz, bu \u00f6zellikleriyle belirginle\u015fmektedir. Yeni ya\u015fam tarzlar\u0131na uygun mekanlar sunma fikriyle ortaya \u00e7\u0131kan. Yeni ya\u015fam tarzlar\u0131na uygun mekanlar sunma fikriyle ortaya \u00e7\u0131kan KGL DhOME, yenilik\u00e7i \u00fcr\u00fcnleri ile dikkatleri \u00fczerine \u00e7ekmeyi ba\u015farm\u0131\u015ft\u0131r. KGL DhOME, tasar\u0131m, in\u015faat [&hellip;]<\/p>\n","protected":false},"author":1,"featured_media":0,"parent":0,"menu_order":0,"comment_status":"closed","ping_status":"closed","template":"","meta":{"footnotes":""},"class_list":["post-11","page","type-page","status-publish","hentry"],"aioseo_notices":[],"_links":{"self":[{"href":"https:\/\/www.kgldhome.com.tr\/dhome\/wp-json\/wp\/v2\/pages\/11","targetHints":{"allow":["GET"]}}],"collection":[{"href":"https:\/\/www.kgldhome.com.tr\/dhome\/wp-json\/wp\/v2\/pages"}],"about":[{"href":"https:\/\/www.kgldhome.com.tr\/dhome\/wp-json\/wp\/v2\/types\/page"}],"author":[{"embeddable":true,"href":"https:\/\/www.kgldhome.com.tr\/dhome\/wp-json\/wp\/v2\/users\/1"}],"replies":[{"embeddable":true,"href":"https:\/\/www.kgldhome.com.tr\/dhome\/wp-json\/wp\/v2\/comments?post=11"}],"version-history":[{"count":6,"href":"https:\/\/www.kgldhome.com.tr\/dhome\/wp-json\/wp\/v2\/pages\/11\/revisions"}],"predecessor-version":[{"id":64,"href":"https:\/\/www.kgldhome.com.tr\/dhome\/wp-json\/wp\/v2\/pages\/11\/revisions\/64"}],"wp:attachment":[{"href":"https:\/\/www.kgldhome.com.tr\/dhome\/wp-json\/wp\/v2\/media?parent=11"}],"curies":[{"name":"wp","href":"https:\/\/api.w.org\/{rel}","templated":true}]}}